{"id":18,"date":"2025-03-17T14:58:46","date_gmt":"2025-03-17T14:58:46","guid":{"rendered":"https:\/\/wiesinger-teresa.web.kslinz.at\/wiesingert\/?page_id=18"},"modified":"2025-06-15T15:55:39","modified_gmt":"2025-06-15T15:55:39","slug":"freizeit","status":"publish","type":"page","link":"https:\/\/wiesinger-teresa.web.kslinz.at\/wiesingert\/?page_id=18","title":{"rendered":"freizeit"},"content":{"rendered":"\n<div class=\"wp-block-columns is-layout-flex wp-container-core-columns-is-layout-28f84493 wp-block-columns-is-layout-flex\">\n<div class=\"wp-block-column is-layout-flow wp-block-column-is-layout-flow\">\n<div class=\"wp-block-group alignfull is-layout-constrained wp-container-core-group-is-layout-94e92a02 wp-block-group-is-layout-constrained\" style=\"margin-top:0;margin-bottom:0;padding-top:var(--wp--preset--spacing--80);padding-right:var(--wp--preset--spacing--40);padding-bottom:var(--wp--preset--spacing--80);padding-left:var(--wp--preset--spacing--40)\">\n<h2 class=\"wp-block-heading has-text-align-center\">Musikverein<\/h2>\n\n\n\n<p class=\"has-text-align-center\">In meiner Freizeit verbringe ich die meiste Zeit beim Musikverein Alkoven. Als Social-Media-Beauftragte und Teil des Jugendteams bin ich dort sehr engagiert. Ich spiele Klarinette, seit ich acht Jahre alt bin \u2013 mein Papa spielt ebenfalls Klarinette im Musikverein und mein Opa war Dirigent und Komponist sowohl f\u00fcr den Musikverein Alkoven als auch f\u00fcr die Polizeimusik Ober\u00f6sterreich, wodurch ich mein ganzes Leben lang schon mit Musik aufgewachsen bin.<\/p>\n\n\n\n<div class=\"wp-block-group alignwide is-layout-flow wp-block-group-is-layout-flow\">\n<div class=\"wp-block-columns is-layout-flex wp-container-core-columns-is-layout-28f84493 wp-block-columns-is-layout-flex\">\n<div class=\"wp-block-column is-layout-flow wp-block-column-is-layout-flow\">\n<figure class=\"wp-block-gallery aligncenter has-nested-images columns-default wp-block-gallery-1 is-layout-flex wp-block-gallery-is-layout-flex\">\n<figure class=\"wp-block-image size-full\"><img loading=\"lazy\" decoding=\"async\" width=\"1600\" height=\"900\" data-id=\"104\" src=\"https:\/\/wiesinger-teresa.web.kslinz.at\/wiesingert\/wp-content\/uploads\/2025\/06\/WhatsApp-Bild-2025-06-15-um-15.12.23_e5004859.jpg\" alt=\"\" class=\"wp-image-104\" srcset=\"https:\/\/wiesinger-teresa.web.kslinz.at\/wiesingert\/wp-content\/uploads\/2025\/06\/WhatsApp-Bild-2025-06-15-um-15.12.23_e5004859.jpg 1600w, https:\/\/wiesinger-teresa.web.kslinz.at\/wiesingert\/wp-content\/uploads\/2025\/06\/WhatsApp-Bild-2025-06-15-um-15.12.23_e5004859-300x169.jpg 300w, https:\/\/wiesinger-teresa.web.kslinz.at\/wiesingert\/wp-content\/uploads\/2025\/06\/WhatsApp-Bild-2025-06-15-um-15.12.23_e5004859-1024x576.jpg 1024w, https:\/\/wiesinger-teresa.web.kslinz.at\/wiesingert\/wp-content\/uploads\/2025\/06\/WhatsApp-Bild-2025-06-15-um-15.12.23_e5004859-768x432.jpg 768w, https:\/\/wiesinger-teresa.web.kslinz.at\/wiesingert\/wp-content\/uploads\/2025\/06\/WhatsApp-Bild-2025-06-15-um-15.12.23_e5004859-1536x864.jpg 1536w\" sizes=\"auto, (max-width: 1600px) 100vw, 1600px\" \/><\/figure>\n\n\n\n<figure class=\"wp-block-image size-full\"><img loading=\"lazy\" decoding=\"async\" width=\"2560\" height=\"1920\" data-id=\"95\" src=\"https:\/\/wiesinger-teresa.web.kslinz.at\/wiesingert\/wp-content\/uploads\/2025\/05\/IMG_4321-edited-scaled.jpeg\" alt=\"\" class=\"wp-image-95\" srcset=\"https:\/\/wiesinger-teresa.web.kslinz.at\/wiesingert\/wp-content\/uploads\/2025\/05\/IMG_4321-edited-scaled.jpeg 2560w, https:\/\/wiesinger-teresa.web.kslinz.at\/wiesingert\/wp-content\/uploads\/2025\/05\/IMG_4321-edited-300x225.jpeg 300w, https:\/\/wiesinger-teresa.web.kslinz.at\/wiesingert\/wp-content\/uploads\/2025\/05\/IMG_4321-edited-1024x768.jpeg 1024w, https:\/\/wiesinger-teresa.web.kslinz.at\/wiesingert\/wp-content\/uploads\/2025\/05\/IMG_4321-edited-768x576.jpeg 768w, https:\/\/wiesinger-teresa.web.kslinz.at\/wiesingert\/wp-content\/uploads\/2025\/05\/IMG_4321-edited-1536x1152.jpeg 1536w, https:\/\/wiesinger-teresa.web.kslinz.at\/wiesingert\/wp-content\/uploads\/2025\/05\/IMG_4321-edited-2048x1536.jpeg 2048w\" sizes=\"auto, (max-width: 2560px) 100vw, 2560px\" \/><\/figure>\n\n\n\n<figure class=\"wp-block-image size-full\"><img loading=\"lazy\" decoding=\"async\" width=\"346\" height=\"202\" data-id=\"96\" src=\"https:\/\/wiesinger-teresa.web.kslinz.at\/wiesingert\/wp-content\/uploads\/2025\/05\/IMG_9696.jpeg\" alt=\"\" class=\"wp-image-96\" srcset=\"https:\/\/wiesinger-teresa.web.kslinz.at\/wiesingert\/wp-content\/uploads\/2025\/05\/IMG_9696.jpeg 346w, https:\/\/wiesinger-teresa.web.kslinz.at\/wiesingert\/wp-content\/uploads\/2025\/05\/IMG_9696-300x175.jpeg 300w\" sizes=\"auto, (max-width: 346px) 100vw, 346px\" \/><\/figure>\n\n\n\n<figure class=\"wp-block-image size-full\"><img loading=\"lazy\" decoding=\"async\" width=\"1200\" height=\"1600\" data-id=\"102\" src=\"https:\/\/wiesinger-teresa.web.kslinz.at\/wiesingert\/wp-content\/uploads\/2025\/06\/WhatsApp-Bild-2025-06-15-um-15.09.58_a6f5f429.jpg\" alt=\"\" class=\"wp-image-102\" srcset=\"https:\/\/wiesinger-teresa.web.kslinz.at\/wiesingert\/wp-content\/uploads\/2025\/06\/WhatsApp-Bild-2025-06-15-um-15.09.58_a6f5f429.jpg 1200w, https:\/\/wiesinger-teresa.web.kslinz.at\/wiesingert\/wp-content\/uploads\/2025\/06\/WhatsApp-Bild-2025-06-15-um-15.09.58_a6f5f429-225x300.jpg 225w, https:\/\/wiesinger-teresa.web.kslinz.at\/wiesingert\/wp-content\/uploads\/2025\/06\/WhatsApp-Bild-2025-06-15-um-15.09.58_a6f5f429-768x1024.jpg 768w, https:\/\/wiesinger-teresa.web.kslinz.at\/wiesingert\/wp-content\/uploads\/2025\/06\/WhatsApp-Bild-2025-06-15-um-15.09.58_a6f5f429-1152x1536.jpg 1152w\" sizes=\"auto, (max-width: 1200px) 100vw, 1200px\" \/><\/figure>\n\n\n\n<figure class=\"wp-block-image size-full\"><img loading=\"lazy\" decoding=\"async\" width=\"828\" height=\"1074\" data-id=\"107\" src=\"https:\/\/wiesinger-teresa.web.kslinz.at\/wiesingert\/wp-content\/uploads\/2025\/06\/WhatsApp-Bild-2025-06-15-um-15.17.47_ab7df939.jpg\" alt=\"\" class=\"wp-image-107\" srcset=\"https:\/\/wiesinger-teresa.web.kslinz.at\/wiesingert\/wp-content\/uploads\/2025\/06\/WhatsApp-Bild-2025-06-15-um-15.17.47_ab7df939.jpg 828w, https:\/\/wiesinger-teresa.web.kslinz.at\/wiesingert\/wp-content\/uploads\/2025\/06\/WhatsApp-Bild-2025-06-15-um-15.17.47_ab7df939-231x300.jpg 231w, https:\/\/wiesinger-teresa.web.kslinz.at\/wiesingert\/wp-content\/uploads\/2025\/06\/WhatsApp-Bild-2025-06-15-um-15.17.47_ab7df939-789x1024.jpg 789w, https:\/\/wiesinger-teresa.web.kslinz.at\/wiesingert\/wp-content\/uploads\/2025\/06\/WhatsApp-Bild-2025-06-15-um-15.17.47_ab7df939-768x996.jpg 768w\" sizes=\"auto, (max-width: 828px) 100vw, 828px\" \/><\/figure>\n<\/figure>\n<\/div>\n<\/div>\n<\/div>\n<\/div>\n<\/div>\n<\/div>\n\n\n\n<div style=\"height:100px\" aria-hidden=\"true\" class=\"wp-block-spacer\"><\/div>\n\n\n\n<div class=\"wp-block-group alignfull is-layout-constrained wp-container-core-group-is-layout-94e92a02 wp-block-group-is-layout-constrained\" style=\"margin-top:0;margin-bottom:0;padding-top:var(--wp--preset--spacing--80);padding-right:var(--wp--preset--spacing--40);padding-bottom:var(--wp--preset--spacing--80);padding-left:var(--wp--preset--spacing--40)\">\n<h2 class=\"wp-block-heading has-text-align-center\">Freunde<\/h2>\n\n\n\n<p class=\"has-text-align-center\">Die restliche Zeit verbringe ich haupts\u00e4chlich mit meinen Freunden, die ich \u00fcber alles liebe und niemals hergeben w\u00fcrde. &lt;3<\/p>\n\n\n\n<div class=\"wp-block-group alignwide is-layout-flow wp-block-group-is-layout-flow\">\n<div class=\"wp-block-columns is-layout-flex wp-container-core-columns-is-layout-28f84493 wp-block-columns-is-layout-flex\">\n<div class=\"wp-block-column is-layout-flow wp-block-column-is-layout-flow\">\n<figure class=\"wp-block-gallery aligncenter has-nested-images columns-default wp-block-gallery-2 is-layout-flex wp-block-gallery-is-layout-flex\">\n<figure class=\"wp-block-image size-full\"><img loading=\"lazy\" decoding=\"async\" width=\"1200\" height=\"1599\" data-id=\"106\" src=\"https:\/\/wiesinger-teresa.web.kslinz.at\/wiesingert\/wp-content\/uploads\/2025\/06\/WhatsApp-Bild-2025-06-15-um-15.16.09_fe98520f.jpg\" alt=\"\" class=\"wp-image-106\" srcset=\"https:\/\/wiesinger-teresa.web.kslinz.at\/wiesingert\/wp-content\/uploads\/2025\/06\/WhatsApp-Bild-2025-06-15-um-15.16.09_fe98520f.jpg 1200w, https:\/\/wiesinger-teresa.web.kslinz.at\/wiesingert\/wp-content\/uploads\/2025\/06\/WhatsApp-Bild-2025-06-15-um-15.16.09_fe98520f-225x300.jpg 225w, https:\/\/wiesinger-teresa.web.kslinz.at\/wiesingert\/wp-content\/uploads\/2025\/06\/WhatsApp-Bild-2025-06-15-um-15.16.09_fe98520f-768x1023.jpg 768w, https:\/\/wiesinger-teresa.web.kslinz.at\/wiesingert\/wp-content\/uploads\/2025\/06\/WhatsApp-Bild-2025-06-15-um-15.16.09_fe98520f-1153x1536.jpg 1153w\" sizes=\"auto, (max-width: 1200px) 100vw, 1200px\" \/><\/figure>\n\n\n\n<figure class=\"wp-block-image size-full\"><img loading=\"lazy\" decoding=\"async\" width=\"828\" height=\"1015\" data-id=\"109\" src=\"https:\/\/wiesinger-teresa.web.kslinz.at\/wiesingert\/wp-content\/uploads\/2025\/06\/WhatsApp-Bild-2025-06-15-um-15.31.42_da497280.jpg\" alt=\"\" class=\"wp-image-109\" srcset=\"https:\/\/wiesinger-teresa.web.kslinz.at\/wiesingert\/wp-content\/uploads\/2025\/06\/WhatsApp-Bild-2025-06-15-um-15.31.42_da497280.jpg 828w, https:\/\/wiesinger-teresa.web.kslinz.at\/wiesingert\/wp-content\/uploads\/2025\/06\/WhatsApp-Bild-2025-06-15-um-15.31.42_da497280-245x300.jpg 245w, https:\/\/wiesinger-teresa.web.kslinz.at\/wiesingert\/wp-content\/uploads\/2025\/06\/WhatsApp-Bild-2025-06-15-um-15.31.42_da497280-768x941.jpg 768w\" sizes=\"auto, (max-width: 828px) 100vw, 828px\" \/><\/figure>\n\n\n\n<figure class=\"wp-block-image size-full\"><img loading=\"lazy\" decoding=\"async\" width=\"1200\" height=\"1600\" data-id=\"110\" src=\"https:\/\/wiesinger-teresa.web.kslinz.at\/wiesingert\/wp-content\/uploads\/2025\/06\/WhatsApp-Bild-2025-06-15-um-15.33.04_b953c82c.jpg\" alt=\"\" class=\"wp-image-110\" srcset=\"https:\/\/wiesinger-teresa.web.kslinz.at\/wiesingert\/wp-content\/uploads\/2025\/06\/WhatsApp-Bild-2025-06-15-um-15.33.04_b953c82c.jpg 1200w, https:\/\/wiesinger-teresa.web.kslinz.at\/wiesingert\/wp-content\/uploads\/2025\/06\/WhatsApp-Bild-2025-06-15-um-15.33.04_b953c82c-225x300.jpg 225w, https:\/\/wiesinger-teresa.web.kslinz.at\/wiesingert\/wp-content\/uploads\/2025\/06\/WhatsApp-Bild-2025-06-15-um-15.33.04_b953c82c-768x1024.jpg 768w, https:\/\/wiesinger-teresa.web.kslinz.at\/wiesingert\/wp-content\/uploads\/2025\/06\/WhatsApp-Bild-2025-06-15-um-15.33.04_b953c82c-1152x1536.jpg 1152w\" sizes=\"auto, (max-width: 1200px) 100vw, 1200px\" \/><\/figure>\n\n\n\n<figure class=\"wp-block-image size-full\"><img loading=\"lazy\" decoding=\"async\" width=\"1600\" height=\"1200\" data-id=\"117\" src=\"https:\/\/wiesinger-teresa.web.kslinz.at\/wiesingert\/wp-content\/uploads\/2025\/06\/WhatsApp-Bild-2025-06-15-um-15.43.47_2b82694d.jpg\" alt=\"\" class=\"wp-image-117\" srcset=\"https:\/\/wiesinger-teresa.web.kslinz.at\/wiesingert\/wp-content\/uploads\/2025\/06\/WhatsApp-Bild-2025-06-15-um-15.43.47_2b82694d.jpg 1600w, https:\/\/wiesinger-teresa.web.kslinz.at\/wiesingert\/wp-content\/uploads\/2025\/06\/WhatsApp-Bild-2025-06-15-um-15.43.47_2b82694d-300x225.jpg 300w, https:\/\/wiesinger-teresa.web.kslinz.at\/wiesingert\/wp-content\/uploads\/2025\/06\/WhatsApp-Bild-2025-06-15-um-15.43.47_2b82694d-1024x768.jpg 1024w, https:\/\/wiesinger-teresa.web.kslinz.at\/wiesingert\/wp-content\/uploads\/2025\/06\/WhatsApp-Bild-2025-06-15-um-15.43.47_2b82694d-768x576.jpg 768w, https:\/\/wiesinger-teresa.web.kslinz.at\/wiesingert\/wp-content\/uploads\/2025\/06\/WhatsApp-Bild-2025-06-15-um-15.43.47_2b82694d-1536x1152.jpg 1536w\" sizes=\"auto, (max-width: 1600px) 100vw, 1600px\" \/><\/figure>\n\n\n\n<figure class=\"wp-block-image size-full\"><img loading=\"lazy\" decoding=\"async\" width=\"1600\" height=\"900\" data-id=\"111\" src=\"https:\/\/wiesinger-teresa.web.kslinz.at\/wiesingert\/wp-content\/uploads\/2025\/06\/WhatsApp-Bild-2025-06-15-um-15.35.22_cb024311.jpg\" alt=\"\" class=\"wp-image-111\" srcset=\"https:\/\/wiesinger-teresa.web.kslinz.at\/wiesingert\/wp-content\/uploads\/2025\/06\/WhatsApp-Bild-2025-06-15-um-15.35.22_cb024311.jpg 1600w, https:\/\/wiesinger-teresa.web.kslinz.at\/wiesingert\/wp-content\/uploads\/2025\/06\/WhatsApp-Bild-2025-06-15-um-15.35.22_cb024311-300x169.jpg 300w, https:\/\/wiesinger-teresa.web.kslinz.at\/wiesingert\/wp-content\/uploads\/2025\/06\/WhatsApp-Bild-2025-06-15-um-15.35.22_cb024311-1024x576.jpg 1024w, https:\/\/wiesinger-teresa.web.kslinz.at\/wiesingert\/wp-content\/uploads\/2025\/06\/WhatsApp-Bild-2025-06-15-um-15.35.22_cb024311-768x432.jpg 768w, https:\/\/wiesinger-teresa.web.kslinz.at\/wiesingert\/wp-content\/uploads\/2025\/06\/WhatsApp-Bild-2025-06-15-um-15.35.22_cb024311-1536x864.jpg 1536w\" sizes=\"auto, (max-width: 1600px) 100vw, 1600px\" \/><\/figure>\n<\/figure>\n<\/div>\n<\/div>\n<\/div>\n<\/div>\n\n\n\n<p><\/p>\n","protected":false},"excerpt":{"rendered":"<p>Musikverein In meiner Freizeit verbringe ich die meiste Zeit beim Musikverein Alkoven. Als Social-Media-Beauftragte und Teil des Jugendteams bin ich dort sehr engagiert. Ich spiele Klarinette, seit ich acht Jahre alt bin \u2013 mein Papa spielt ebenfalls Klarinette im Musikverein und mein Opa war Dirigent und Komponist sowohl f\u00fcr den Musikverein Alkoven als auch f\u00fcr [&hellip;]<\/p>\n","protected":false},"author":1,"featured_media":0,"parent":0,"menu_order":0,"comment_status":"closed","ping_status":"closed","template":"","meta":{"footnotes":""},"class_list":["post-18","page","type-page","status-publish","hentry"],"_links":{"self":[{"href":"https:\/\/wiesinger-teresa.web.kslinz.at\/wiesingert\/index.php?rest_route=\/wp\/v2\/pages\/18","targetHints":{"allow":["GET"]}}],"collection":[{"href":"https:\/\/wiesinger-teresa.web.kslinz.at\/wiesingert\/index.php?rest_route=\/wp\/v2\/pages"}],"about":[{"href":"https:\/\/wiesinger-teresa.web.kslinz.at\/wiesingert\/index.php?rest_route=\/wp\/v2\/types\/page"}],"author":[{"embeddable":true,"href":"https:\/\/wiesinger-teresa.web.kslinz.at\/wiesingert\/index.php?rest_route=\/wp\/v2\/users\/1"}],"replies":[{"embeddable":true,"href":"https:\/\/wiesinger-teresa.web.kslinz.at\/wiesingert\/index.php?rest_route=%2Fwp%2Fv2%2Fcomments&post=18"}],"version-history":[{"count":5,"href":"https:\/\/wiesinger-teresa.web.kslinz.at\/wiesingert\/index.php?rest_route=\/wp\/v2\/pages\/18\/revisions"}],"predecessor-version":[{"id":122,"href":"https:\/\/wiesinger-teresa.web.kslinz.at\/wiesingert\/index.php?rest_route=\/wp\/v2\/pages\/18\/revisions\/122"}],"wp:attachment":[{"href":"https:\/\/wiesinger-teresa.web.kslinz.at\/wiesingert\/index.php?rest_route=%2Fwp%2Fv2%2Fmedia&parent=18"}],"curies":[{"name":"wp","href":"https:\/\/api.w.org\/{rel}","templated":true}]}}